{"id":7,"date":"2025-11-18T15:36:16","date_gmt":"2025-11-18T15:36:16","guid":{"rendered":"https:\/\/zum-schwarzen-schaf.at\/?page_id=7"},"modified":"2025-11-19T14:45:49","modified_gmt":"2025-11-19T14:45:49","slug":"kontakt","status":"publish","type":"page","link":"https:\/\/zum-schwarzen-schaf.at\/?page_id=7","title":{"rendered":"Kontakt"},"content":{"rendered":"\t\t<div data-elementor-type=\"wp-page\" data-elementor-id=\"7\" class=\"elementor elementor-7\">\n\t\t\t\t<div class=\"elementor-element elementor-element-dfff369 e-flex e-con-boxed e-con e-parent\" data-id=\"dfff369\" data-element_type=\"container\">\n\t\t\t\t\t<div class=\"e-con-inner\">\n\t\t\t\t<div class=\"elementor-element elementor-element-6a368fd elementor-widget elementor-widget-spacer\" data-id=\"6a368fd\" data-element_type=\"widget\" data-widget_type=\"spacer.default\">\n\t\t\t\t\t\t\t<div class=\"elementor-spacer\">\n\t\t\t<div class=\"elementor-spacer-inner\"><\/div>\n\t\t<\/div>\n\t\t\t\t\t\t<\/div>\n\t\t\t\t<div class=\"elementor-element elementor-element-d98e968 elementor-widget elementor-widget-heading\" data-id=\"d98e968\" data-element_type=\"widget\" data-widget_type=\"heading.default\">\n\t\t\t\t\t<h2 class=\"elementor-heading-title elementor-size-default\">Kontakt<\/h2>\t\t\t\t<\/div>\n\t\t\t\t\t<\/div>\n\t\t\t\t<\/div>\n\t\t<div class=\"elementor-element elementor-element-427cea1 e-flex e-con-boxed e-con e-parent\" data-id=\"427cea1\" data-element_type=\"container\">\n\t\t\t\t\t<div class=\"e-con-inner\">\n\t\t\t\t<div class=\"elementor-element elementor-element-de20da2 elementor-widget elementor-widget-text-editor\" data-id=\"de20da2\" data-element_type=\"widget\" data-widget_type=\"text-editor.default\">\n\t\t\t\t\t\t\t\t\t<p>Telefonnummer: 0676 4600727<\/p><p>E-Mail Adresse: info@zum-schwarzen-schaf.at<\/p><p>Eichbergstra\u00dfe 2a, 2372 Gie\u00dfh\u00fcbl<\/p><p>Vor unserem Lokal befindet sich ein kostenpflichtiger Parkplatz, der von der Gemeinde Gie\u00dfh\u00fcbl betrieben wird<\/p>\t\t\t\t\t\t\t\t<\/div>\n\t\t\t\t<div class=\"elementor-element elementor-element-6f738ce elementor-button-success elementor-align-center elementor-widget elementor-widget-button\" data-id=\"6f738ce\" data-element_type=\"widget\" data-widget_type=\"button.default\">\n\t\t\t\t\t\t\t\t\t\t<a class=\"elementor-button elementor-button-link elementor-size-sm\" href=\"https:\/\/www.instagram.com\/zumschwarzenschaf_\/?utm_source=ig_web_button_share_sheet\" target=\"_blank\">\n\t\t\t\t\t\t<span class=\"elementor-button-content-wrapper\">\n\t\t\t\t\t\t\t\t\t<span class=\"elementor-button-text\">unser Instagram<\/span>\n\t\t\t\t\t<\/span>\n\t\t\t\t\t<\/a>\n\t\t\t\t\t\t\t\t<\/div>\n\t\t\t\t\t<\/div>\n\t\t\t\t<\/div>\n\t\t<div class=\"elementor-element elementor-element-7bf7622 e-flex e-con-boxed e-con e-parent\" data-id=\"7bf7622\" data-element_type=\"container\">\n\t\t\t\t\t<div class=\"e-con-inner\">\n\t\t\t\t<div class=\"elementor-element elementor-element-03b1e72 elementor-button-success elementor-align-center elementor-widget elementor-widget-button\" data-id=\"03b1e72\" data-element_type=\"widget\" data-widget_type=\"button.default\">\n\t\t\t\t\t\t\t\t\t\t<a class=\"elementor-button elementor-button-link elementor-size-sm\" href=\"https:\/\/www.facebook.com\/profile.php?id=61575977788853&#038;sk=following\" target=\"_blank\">\n\t\t\t\t\t\t<span class=\"elementor-button-content-wrapper\">\n\t\t\t\t\t\t\t\t\t<span class=\"elementor-button-text\">unser Facebook<\/span>\n\t\t\t\t\t<\/span>\n\t\t\t\t\t<\/a>\n\t\t\t\t\t\t\t\t<\/div>\n\t\t\t\t\t<\/div>\n\t\t\t\t<\/div>\n\t\t<div class=\"elementor-element elementor-element-4d858f7 e-flex e-con-boxed e-con e-parent\" data-id=\"4d858f7\" data-element_type=\"container\">\n\t\t\t\t\t<div class=\"e-con-inner\">\n\t\t\t\t<div class=\"elementor-element elementor-element-a9d5523 elementor-widget elementor-widget-google_maps\" data-id=\"a9d5523\" data-element_type=\"widget\" data-widget_type=\"google_maps.default\">\n\t\t\t\t\t\t\t<div class=\"elementor-custom-embed\">\n\t\t\t<iframe loading=\"lazy\"\n\t\t\t\t\tsrc=\"https:\/\/maps.google.com\/maps?q=2372%20Gie%C3%9Fh%C3%BCbl%20Zum%20schwarzen%20Schaf&#038;t=m&#038;z=16&#038;output=embed&#038;iwloc=near\"\n\t\t\t\t\ttitle=\"2372 Gie\u00dfh\u00fcbl Zum schwarzen Schaf\"\n\t\t\t\t\taria-label=\"2372 Gie\u00dfh\u00fcbl Zum schwarzen Schaf\"\n\t\t\t><\/iframe>\n\t\t<\/div>\n\t\t\t\t\t\t<\/div>\n\t\t\t\t\t<\/div>\n\t\t\t\t<\/div>\n\t\t<div class=\"elementor-element elementor-element-11a49cf e-flex e-con-boxed e-con e-parent\" data-id=\"11a49cf\" data-element_type=\"container\">\n\t\t\t\t\t<div class=\"e-con-inner\">\n\t\t\t\t<div class=\"elementor-element elementor-element-cb857be elementor-widget elementor-widget-spacer\" data-id=\"cb857be\" data-element_type=\"widget\" data-widget_type=\"spacer.default\">\n\t\t\t\t\t\t\t<div class=\"elementor-spacer\">\n\t\t\t<div class=\"elementor-spacer-inner\"><\/div>\n\t\t<\/div>\n\t\t\t\t\t\t<\/div>\n\t\t\t\t\t<\/div>\n\t\t\t\t<\/div>\n\t\t\t\t<\/div>\n\t\t","protected":false},"excerpt":{"rendered":"<p>Kontakt Telefonnummer: 0676 4600727 E-Mail Adresse: info@zum-schwarzen-schaf.at Eichbergstra\u00dfe 2a, 2372 Gie\u00dfh\u00fcbl Vor unserem Lokal befindet sich ein kostenpflichtiger Parkplatz, der von der Gemeinde Gie\u00dfh\u00fcbl betrieben wird unser Instagram unser Facebook<\/p>\n","protected":false},"author":1,"featured_media":0,"parent":0,"menu_order":0,"comment_status":"closed","ping_status":"closed","template":"elementor_header_footer","meta":{"footnotes":""},"class_list":["post-7","page","type-page","status-publish","hentry"],"yoast_head":"<!-- This site is optimized with the Yoast SEO plugin v26.4 - https:\/\/yoast.com\/wordpress\/plugins\/seo\/ -->\n<title>Kontakt - Zum schwarzen Schaf<\/title>\n<meta name=\"robots\" content=\"index, follow, max-snippet:-1, max-image-preview:large, max-video-preview:-1\" \/>\n<link rel=\"canonical\" href=\"https:\/\/zum-schwarzen-schaf.at\/?page_id=7\" \/>\n<meta property=\"og:locale\" content=\"de_DE\" \/>\n<meta property=\"og:type\" content=\"article\" \/>\n<meta property=\"og:title\" content=\"Kontakt - Zum schwarzen Schaf\" \/>\n<meta property=\"og:description\" content=\"Kontakt Telefonnummer: 0676 4600727 E-Mail Adresse: info@zum-schwarzen-schaf.at Eichbergstra\u00dfe 2a, 2372 Gie\u00dfh\u00fcbl Vor unserem Lokal befindet sich ein kostenpflichtiger Parkplatz, der von der Gemeinde Gie\u00dfh\u00fcbl betrieben wird unser Instagram unser Facebook\" \/>\n<meta property=\"og:url\" content=\"https:\/\/zum-schwarzen-schaf.at\/?page_id=7\" \/>\n<meta property=\"og:site_name\" content=\"Zum schwarzen Schaf\" \/>\n<meta property=\"article:modified_time\" content=\"2025-11-19T14:45:49+00:00\" \/>\n<meta name=\"twitter:card\" content=\"summary_large_image\" \/>\n<script type=\"application\/ld+json\" class=\"yoast-schema-graph\">{\"@context\":\"https:\/\/schema.org\",\"@graph\":[{\"@type\":\"WebPage\",\"@id\":\"https:\/\/zum-schwarzen-schaf.at\/?page_id=7\",\"url\":\"https:\/\/zum-schwarzen-schaf.at\/?page_id=7\",\"name\":\"Kontakt - Zum schwarzen Schaf\",\"isPartOf\":{\"@id\":\"https:\/\/zum-schwarzen-schaf.at\/#website\"},\"datePublished\":\"2025-11-18T15:36:16+00:00\",\"dateModified\":\"2025-11-19T14:45:49+00:00\",\"breadcrumb\":{\"@id\":\"https:\/\/zum-schwarzen-schaf.at\/?page_id=7#breadcrumb\"},\"inLanguage\":\"de\",\"potentialAction\":[{\"@type\":\"ReadAction\",\"target\":[\"https:\/\/zum-schwarzen-schaf.at\/?page_id=7\"]}]},{\"@type\":\"BreadcrumbList\",\"@id\":\"https:\/\/zum-schwarzen-schaf.at\/?page_id=7#breadcrumb\",\"itemListElement\":[{\"@type\":\"ListItem\",\"position\":1,\"name\":\"Startseite\",\"item\":\"https:\/\/zum-schwarzen-schaf.at\/\"},{\"@type\":\"ListItem\",\"position\":2,\"name\":\"Kontakt\"}]},{\"@type\":\"WebSite\",\"@id\":\"https:\/\/zum-schwarzen-schaf.at\/#website\",\"url\":\"https:\/\/zum-schwarzen-schaf.at\/\",\"name\":\"Zum schwarzen Schaf\",\"description\":\"\u00d6ffnungszeiten: Donnerstag - Sonntag ab 12 Uhr\",\"publisher\":{\"@id\":\"https:\/\/zum-schwarzen-schaf.at\/#organization\"},\"potentialAction\":[{\"@type\":\"SearchAction\",\"target\":{\"@type\":\"EntryPoint\",\"urlTemplate\":\"https:\/\/zum-schwarzen-schaf.at\/?s={search_term_string}\"},\"query-input\":{\"@type\":\"PropertyValueSpecification\",\"valueRequired\":true,\"valueName\":\"search_term_string\"}}],\"inLanguage\":\"de\"},{\"@type\":\"Organization\",\"@id\":\"https:\/\/zum-schwarzen-schaf.at\/#organization\",\"name\":\"Zum schwarzen Schaf\",\"url\":\"https:\/\/zum-schwarzen-schaf.at\/\",\"logo\":{\"@type\":\"ImageObject\",\"inLanguage\":\"de\",\"@id\":\"https:\/\/zum-schwarzen-schaf.at\/#\/schema\/logo\/image\/\",\"url\":\"https:\/\/zum-schwarzen-schaf.at\/wp-content\/uploads\/2025\/11\/ZumschwarzenSchaf.png\",\"contentUrl\":\"https:\/\/zum-schwarzen-schaf.at\/wp-content\/uploads\/2025\/11\/ZumschwarzenSchaf.png\",\"width\":1510,\"height\":972,\"caption\":\"Zum schwarzen Schaf\"},\"image\":{\"@id\":\"https:\/\/zum-schwarzen-schaf.at\/#\/schema\/logo\/image\/\"}}]}<\/script>\n<!-- \/ Yoast SEO plugin. -->","yoast_head_json":{"title":"Kontakt - Zum schwarzen Schaf","robots":{"index":"index","follow":"follow","max-snippet":"max-snippet:-1","max-image-preview":"max-image-preview:large","max-video-preview":"max-video-preview:-1"},"canonical":"https:\/\/zum-schwarzen-schaf.at\/?page_id=7","og_locale":"de_DE","og_type":"article","og_title":"Kontakt - Zum schwarzen Schaf","og_description":"Kontakt Telefonnummer: 0676 4600727 E-Mail Adresse: info@zum-schwarzen-schaf.at Eichbergstra\u00dfe 2a, 2372 Gie\u00dfh\u00fcbl Vor unserem Lokal befindet sich ein kostenpflichtiger Parkplatz, der von der Gemeinde Gie\u00dfh\u00fcbl betrieben wird unser Instagram unser Facebook","og_url":"https:\/\/zum-schwarzen-schaf.at\/?page_id=7","og_site_name":"Zum schwarzen Schaf","article_modified_time":"2025-11-19T14:45:49+00:00","twitter_card":"summary_large_image","schema":{"@context":"https:\/\/schema.org","@graph":[{"@type":"WebPage","@id":"https:\/\/zum-schwarzen-schaf.at\/?page_id=7","url":"https:\/\/zum-schwarzen-schaf.at\/?page_id=7","name":"Kontakt - Zum schwarzen Schaf","isPartOf":{"@id":"https:\/\/zum-schwarzen-schaf.at\/#website"},"datePublished":"2025-11-18T15:36:16+00:00","dateModified":"2025-11-19T14:45:49+00:00","breadcrumb":{"@id":"https:\/\/zum-schwarzen-schaf.at\/?page_id=7#breadcrumb"},"inLanguage":"de","potentialAction":[{"@type":"ReadAction","target":["https:\/\/zum-schwarzen-schaf.at\/?page_id=7"]}]},{"@type":"BreadcrumbList","@id":"https:\/\/zum-schwarzen-schaf.at\/?page_id=7#breadcrumb","itemListElement":[{"@type":"ListItem","position":1,"name":"Startseite","item":"https:\/\/zum-schwarzen-schaf.at\/"},{"@type":"ListItem","position":2,"name":"Kontakt"}]},{"@type":"WebSite","@id":"https:\/\/zum-schwarzen-schaf.at\/#website","url":"https:\/\/zum-schwarzen-schaf.at\/","name":"Zum schwarzen Schaf","description":"\u00d6ffnungszeiten: Donnerstag - Sonntag ab 12 Uhr","publisher":{"@id":"https:\/\/zum-schwarzen-schaf.at\/#organization"},"potentialAction":[{"@type":"SearchAction","target":{"@type":"EntryPoint","urlTemplate":"https:\/\/zum-schwarzen-schaf.at\/?s={search_term_string}"},"query-input":{"@type":"PropertyValueSpecification","valueRequired":true,"valueName":"search_term_string"}}],"inLanguage":"de"},{"@type":"Organization","@id":"https:\/\/zum-schwarzen-schaf.at\/#organization","name":"Zum schwarzen Schaf","url":"https:\/\/zum-schwarzen-schaf.at\/","logo":{"@type":"ImageObject","inLanguage":"de","@id":"https:\/\/zum-schwarzen-schaf.at\/#\/schema\/logo\/image\/","url":"https:\/\/zum-schwarzen-schaf.at\/wp-content\/uploads\/2025\/11\/ZumschwarzenSchaf.png","contentUrl":"https:\/\/zum-schwarzen-schaf.at\/wp-content\/uploads\/2025\/11\/ZumschwarzenSchaf.png","width":1510,"height":972,"caption":"Zum schwarzen Schaf"},"image":{"@id":"https:\/\/zum-schwarzen-schaf.at\/#\/schema\/logo\/image\/"}}]}},"_links":{"self":[{"href":"https:\/\/zum-schwarzen-schaf.at\/index.php?rest_route=\/wp\/v2\/pages\/7","targetHints":{"allow":["GET"]}}],"collection":[{"href":"https:\/\/zum-schwarzen-schaf.at\/index.php?rest_route=\/wp\/v2\/pages"}],"about":[{"href":"https:\/\/zum-schwarzen-schaf.at\/index.php?rest_route=\/wp\/v2\/types\/page"}],"author":[{"embeddable":true,"href":"https:\/\/zum-schwarzen-schaf.at\/index.php?rest_route=\/wp\/v2\/users\/1"}],"replies":[{"embeddable":true,"href":"https:\/\/zum-schwarzen-schaf.at\/index.php?rest_route=%2Fwp%2Fv2%2Fcomments&post=7"}],"version-history":[{"count":43,"href":"https:\/\/zum-schwarzen-schaf.at\/index.php?rest_route=\/wp\/v2\/pages\/7\/revisions"}],"predecessor-version":[{"id":256,"href":"https:\/\/zum-schwarzen-schaf.at\/index.php?rest_route=\/wp\/v2\/pages\/7\/revisions\/256"}],"wp:attachment":[{"href":"https:\/\/zum-schwarzen-schaf.at\/index.php?rest_route=%2Fwp%2Fv2%2Fmedia&parent=7"}],"curies":[{"name":"wp","href":"https:\/\/api.w.org\/{rel}","templated":true}]}}