{"id":16,"date":"2025-11-18T18:09:32","date_gmt":"2025-11-18T18:09:32","guid":{"rendered":"https:\/\/zum-schwarzen-schaf.at\/?page_id=16"},"modified":"2025-11-19T15:05:13","modified_gmt":"2025-11-19T15:05:13","slug":"startseite","status":"publish","type":"page","link":"https:\/\/zum-schwarzen-schaf.at\/","title":{"rendered":"Startseite"},"content":{"rendered":"\t\t<div data-elementor-type=\"wp-page\" data-elementor-id=\"16\" class=\"elementor elementor-16\">\n\t\t\t\t<div class=\"elementor-element elementor-element-757637b e-flex e-con-boxed e-con e-parent\" data-id=\"757637b\" data-element_type=\"container\" data-settings=\"{&quot;background_background&quot;:&quot;slideshow&quot;,&quot;background_slideshow_gallery&quot;:[{&quot;id&quot;:76,&quot;url&quot;:&quot;https:\\\/\\\/zum-schwarzen-schaf.at\\\/wp-content\\\/uploads\\\/2025\\\/11\\\/WhatsApp-Image-2025-09-10-at-16.51.40.jpeg&quot;}],&quot;background_slideshow_loop&quot;:&quot;yes&quot;,&quot;background_slideshow_slide_duration&quot;:5000,&quot;background_slideshow_slide_transition&quot;:&quot;fade&quot;,&quot;background_slideshow_transition_duration&quot;:500}\">\n\t\t\t\t\t<div class=\"e-con-inner\">\n\t\t\t\t<div class=\"elementor-element elementor-element-b3d9f5e elementor-widget elementor-widget-heading\" data-id=\"b3d9f5e\" data-element_type=\"widget\" data-widget_type=\"heading.default\">\n\t\t\t\t\t<h2 class=\"elementor-heading-title elementor-size-default\">Herzlich willkommen!<\/h2>\t\t\t\t<\/div>\n\t\t\t\t\t<\/div>\n\t\t\t\t<\/div>\n\t\t<div class=\"elementor-element elementor-element-ee987c9 e-flex e-con-boxed e-con e-parent\" data-id=\"ee987c9\" data-element_type=\"container\">\n\t\t\t\t\t<div class=\"e-con-inner\">\n\t\t<div class=\"elementor-element elementor-element-8543a6c e-con-full e-flex e-con e-child\" data-id=\"8543a6c\" data-element_type=\"container\">\n\t\t\t\t<div class=\"elementor-element elementor-element-80a094b elementor-widget elementor-widget-spacer\" data-id=\"80a094b\" data-element_type=\"widget\" data-widget_type=\"spacer.default\">\n\t\t\t\t\t\t\t<div class=\"elementor-spacer\">\n\t\t\t<div class=\"elementor-spacer-inner\"><\/div>\n\t\t<\/div>\n\t\t\t\t\t\t<\/div>\n\t\t\t\t<div class=\"elementor-element elementor-element-3f7c609 elementor-widget elementor-widget-heading\" data-id=\"3f7c609\" data-element_type=\"widget\" data-widget_type=\"heading.default\">\n\t\t\t\t\t<h2 class=\"elementor-heading-title elementor-size-default\">\u00dcber uns <\/h2>\t\t\t\t<\/div>\n\t\t\t\t<div class=\"elementor-element elementor-element-855a928 elementor-widget elementor-widget-text-editor\" data-id=\"855a928\" data-element_type=\"widget\" data-widget_type=\"text-editor.default\">\n\t\t\t\t\t\t\t\t\t<p data-start=\"177\" data-end=\"622\">Herzlich willkommen im Zum schwarzen Schaf. Wir sind ein echter Familienbetrieb, in dem Gastronomie nicht nur ein Beruf, sondern Teil unserer Geschichte ist. Unsere Eltern arbeiten seit vielen Jahren in der Gastro \u2013 mit viel Herz, Erfahrung und echter Leidenschaft. Diese Begeisterung pr\u00e4gt auch unseren Alltag: Wir unterst\u00fctzen uns gegenseitig, halten zusammen und schaffen so eine Atmosph\u00e4re, die man sp\u00fcrt, sobald man bei uns ankommt.<\/p><p data-start=\"624\" data-end=\"871\">Seit Mai 2025 sind wir hier f\u00fcr unsere G\u00e4ste da. Ob ihr eine Pause einlegt, auf ein gutes Essen vorbeikommt oder einfach den Moment genie\u00dfen wollt \u2013 bei uns soll sich jeder willkommen f\u00fchlen. Locker, bodenst\u00e4ndig und mit viel Liebe zum Detail.<\/p><p data-start=\"873\" data-end=\"983\">Sch\u00f6n, dass ihr da seid. Nehmt Platz, f\u00fchlt euch wohl und genie\u00dft die Zeit bei uns im Zum schwarzen Schaf.<\/p>\t\t\t\t\t\t\t\t<\/div>\n\t\t\t\t<\/div>\n\t\t<div class=\"elementor-element elementor-element-ddb052d e-con-full e-flex e-con e-child\" data-id=\"ddb052d\" data-element_type=\"container\">\n\t\t\t\t<\/div>\n\t\t\t\t\t<\/div>\n\t\t\t\t<\/div>\n\t\t<div class=\"elementor-element elementor-element-62baab3 e-flex e-con-boxed e-con e-parent\" data-id=\"62baab3\" data-element_type=\"container\">\n\t\t\t\t\t<div class=\"e-con-inner\">\n\t\t\t\t<div class=\"elementor-element elementor-element-ace4afa elementor-widget elementor-widget-spacer\" data-id=\"ace4afa\" data-element_type=\"widget\" data-widget_type=\"spacer.default\">\n\t\t\t\t\t\t\t<div class=\"elementor-spacer\">\n\t\t\t<div class=\"elementor-spacer-inner\"><\/div>\n\t\t<\/div>\n\t\t\t\t\t\t<\/div>\n\t\t\t\t\t<\/div>\n\t\t\t\t<\/div>\n\t\t<div class=\"elementor-element elementor-element-a1ac520 e-flex e-con-boxed e-con e-parent\" data-id=\"a1ac520\" data-element_type=\"container\" data-settings=\"{&quot;background_background&quot;:&quot;classic&quot;}\">\n\t\t\t\t\t<div class=\"e-con-inner\">\n\t\t\t\t<div class=\"elementor-element elementor-element-25a2709 elementor-widget-mobile__width-auto elementor-arrows-position-inside elementor-widget elementor-widget-image-carousel\" data-id=\"25a2709\" data-element_type=\"widget\" data-settings=\"{&quot;slides_to_show&quot;:&quot;3&quot;,&quot;slides_to_show_mobile&quot;:&quot;1&quot;,&quot;navigation&quot;:&quot;arrows&quot;,&quot;autoplay&quot;:&quot;yes&quot;,&quot;pause_on_hover&quot;:&quot;yes&quot;,&quot;pause_on_interaction&quot;:&quot;yes&quot;,&quot;autoplay_speed&quot;:5000,&quot;infinite&quot;:&quot;yes&quot;,&quot;speed&quot;:500}\" data-widget_type=\"image-carousel.default\">\n\t\t\t\t\t\t\t<div class=\"elementor-image-carousel-wrapper swiper\" role=\"region\" aria-roledescription=\"carousel\" aria-label=\"Bild Karussell\" dir=\"ltr\">\n\t\t\t<div class=\"elementor-image-carousel swiper-wrapper\" aria-live=\"off\">\n\t\t\t\t\t\t\t\t<div class=\"swiper-slide\" role=\"group\" aria-roledescription=\"slide\" aria-label=\"1 von 3\"><figure class=\"swiper-slide-inner\"><img decoding=\"async\" class=\"swiper-slide-image\" src=\"https:\/\/zum-schwarzen-schaf.at\/wp-content\/uploads\/2025\/11\/WhatsApp-Image-2025-09-10-at-16.47.57.jpeg\" alt=\"WhatsApp Image 2025-09-10 at 16.47.57\" \/><\/figure><\/div><div class=\"swiper-slide\" role=\"group\" aria-roledescription=\"slide\" aria-label=\"2 von 3\"><figure class=\"swiper-slide-inner\"><img decoding=\"async\" class=\"swiper-slide-image\" src=\"https:\/\/zum-schwarzen-schaf.at\/wp-content\/uploads\/2025\/11\/WhatsApp-Image-2025-09-10-at-16.48.07.jpeg\" alt=\"WhatsApp Image 2025-09-10 at 16.48.07\" \/><\/figure><\/div><div class=\"swiper-slide\" role=\"group\" aria-roledescription=\"slide\" aria-label=\"3 von 3\"><figure class=\"swiper-slide-inner\"><img decoding=\"async\" class=\"swiper-slide-image\" src=\"https:\/\/zum-schwarzen-schaf.at\/wp-content\/uploads\/2025\/11\/WhatsApp-Image-2025-09-10-at-16.49.27.jpeg\" alt=\"WhatsApp Image 2025-09-10 at 16.49.27\" \/><\/figure><\/div>\t\t\t<\/div>\n\t\t\t\t\t\t\t\t\t\t\t\t<div class=\"elementor-swiper-button elementor-swiper-button-prev\" role=\"button\" tabindex=\"0\">\n\t\t\t\t\t\t<svg aria-hidden=\"true\" class=\"e-font-icon-svg e-eicon-chevron-left\" viewBox=\"0 0 1000 1000\" xmlns=\"http:\/\/www.w3.org\/2000\/svg\"><path d=\"M646 125C629 125 613 133 604 142L308 442C296 454 292 471 292 487 292 504 296 521 308 533L604 854C617 867 629 875 646 875 663 875 679 871 692 858 704 846 713 829 713 812 713 796 708 779 692 767L438 487 692 225C700 217 708 204 708 187 708 171 704 154 692 142 675 129 663 125 646 125Z\"><\/path><\/svg>\t\t\t\t\t<\/div>\n\t\t\t\t\t<div class=\"elementor-swiper-button elementor-swiper-button-next\" role=\"button\" tabindex=\"0\">\n\t\t\t\t\t\t<svg aria-hidden=\"true\" class=\"e-font-icon-svg e-eicon-chevron-right\" viewBox=\"0 0 1000 1000\" xmlns=\"http:\/\/www.w3.org\/2000\/svg\"><path d=\"M696 533C708 521 713 504 713 487 713 471 708 454 696 446L400 146C388 133 375 125 354 125 338 125 325 129 313 142 300 154 292 171 292 187 292 204 296 221 308 233L563 492 304 771C292 783 288 800 288 817 288 833 296 850 308 863 321 871 338 875 354 875 371 875 388 867 400 854L696 533Z\"><\/path><\/svg>\t\t\t\t\t<\/div>\n\t\t\t\t\n\t\t\t\t\t\t\t\t\t<\/div>\n\t\t\t\t\t\t<\/div>\n\t\t\t\t\t<\/div>\n\t\t\t\t<\/div>\n\t\t\t\t<\/div>\n\t\t","protected":false},"excerpt":{"rendered":"<p>Herzlich willkommen! \u00dcber uns Herzlich willkommen im Zum schwarzen Schaf. Wir sind ein echter Familienbetrieb, in dem Gastronomie nicht nur ein Beruf, sondern Teil unserer Geschichte ist. Unsere Eltern arbeiten seit vielen Jahren in der Gastro \u2013 mit viel Herz, Erfahrung und echter Leidenschaft. Diese Begeisterung pr\u00e4gt auch unseren Alltag: Wir unterst\u00fctzen uns gegenseitig, halten [&hellip;]<\/p>\n","protected":false},"author":1,"featured_media":0,"parent":0,"menu_order":0,"comment_status":"closed","ping_status":"closed","template":"elementor_header_footer","meta":{"footnotes":""},"class_list":["post-16","page","type-page","status-publish","hentry"],"yoast_head":"<!-- This site is optimized with the Yoast SEO plugin v26.4 - https:\/\/yoast.com\/wordpress\/plugins\/seo\/ -->\n<title>Startseite - Zum schwarzen Schaf<\/title>\n<meta name=\"robots\" content=\"index, follow, max-snippet:-1, max-image-preview:large, max-video-preview:-1\" \/>\n<link rel=\"canonical\" href=\"https:\/\/zum-schwarzen-schaf.at\/\" \/>\n<meta property=\"og:locale\" content=\"de_DE\" \/>\n<meta property=\"og:type\" content=\"article\" \/>\n<meta property=\"og:title\" content=\"Startseite - Zum schwarzen Schaf\" \/>\n<meta property=\"og:description\" content=\"Herzlich willkommen! \u00dcber uns Herzlich willkommen im Zum schwarzen Schaf. Wir sind ein echter Familienbetrieb, in dem Gastronomie nicht nur ein Beruf, sondern Teil unserer Geschichte ist. Unsere Eltern arbeiten seit vielen Jahren in der Gastro \u2013 mit viel Herz, Erfahrung und echter Leidenschaft. Diese Begeisterung pr\u00e4gt auch unseren Alltag: Wir unterst\u00fctzen uns gegenseitig, halten [&hellip;]\" \/>\n<meta property=\"og:url\" content=\"https:\/\/zum-schwarzen-schaf.at\/\" \/>\n<meta property=\"og:site_name\" content=\"Zum schwarzen Schaf\" \/>\n<meta property=\"article:modified_time\" content=\"2025-11-19T15:05:13+00:00\" \/>\n<meta property=\"og:image\" content=\"https:\/\/zum-schwarzen-schaf.at\/wp-content\/uploads\/2025\/11\/WhatsApp-Image-2025-09-10-at-16.47.57.jpeg\" \/>\n<meta name=\"twitter:card\" content=\"summary_large_image\" \/>\n<meta name=\"twitter:label1\" content=\"Gesch\u00e4tzte Lesezeit\" \/>\n\t<meta name=\"twitter:data1\" content=\"2\u00a0Minuten\" \/>\n<script type=\"application\/ld+json\" class=\"yoast-schema-graph\">{\"@context\":\"https:\/\/schema.org\",\"@graph\":[{\"@type\":\"WebPage\",\"@id\":\"https:\/\/zum-schwarzen-schaf.at\/\",\"url\":\"https:\/\/zum-schwarzen-schaf.at\/\",\"name\":\"Startseite - Zum schwarzen Schaf\",\"isPartOf\":{\"@id\":\"https:\/\/zum-schwarzen-schaf.at\/#website\"},\"primaryImageOfPage\":{\"@id\":\"https:\/\/zum-schwarzen-schaf.at\/#primaryimage\"},\"image\":{\"@id\":\"https:\/\/zum-schwarzen-schaf.at\/#primaryimage\"},\"thumbnailUrl\":\"https:\/\/zum-schwarzen-schaf.at\/wp-content\/uploads\/2025\/11\/WhatsApp-Image-2025-09-10-at-16.47.57.jpeg\",\"datePublished\":\"2025-11-18T18:09:32+00:00\",\"dateModified\":\"2025-11-19T15:05:13+00:00\",\"breadcrumb\":{\"@id\":\"https:\/\/zum-schwarzen-schaf.at\/#breadcrumb\"},\"inLanguage\":\"de\",\"potentialAction\":[{\"@type\":\"ReadAction\",\"target\":[\"https:\/\/zum-schwarzen-schaf.at\/\"]}]},{\"@type\":\"ImageObject\",\"inLanguage\":\"de\",\"@id\":\"https:\/\/zum-schwarzen-schaf.at\/#primaryimage\",\"url\":\"https:\/\/zum-schwarzen-schaf.at\/wp-content\/uploads\/2025\/11\/WhatsApp-Image-2025-09-10-at-16.47.57.jpeg\",\"contentUrl\":\"https:\/\/zum-schwarzen-schaf.at\/wp-content\/uploads\/2025\/11\/WhatsApp-Image-2025-09-10-at-16.47.57.jpeg\",\"width\":1600,\"height\":1200},{\"@type\":\"BreadcrumbList\",\"@id\":\"https:\/\/zum-schwarzen-schaf.at\/#breadcrumb\",\"itemListElement\":[{\"@type\":\"ListItem\",\"position\":1,\"name\":\"Startseite\",\"item\":\"https:\/\/zum-schwarzen-schaf.at\/\"},{\"@type\":\"ListItem\",\"position\":2,\"name\":\"Startseite\"}]},{\"@type\":\"WebSite\",\"@id\":\"https:\/\/zum-schwarzen-schaf.at\/#website\",\"url\":\"https:\/\/zum-schwarzen-schaf.at\/\",\"name\":\"Zum schwarzen Schaf\",\"description\":\"\u00d6ffnungszeiten: Donnerstag - Sonntag ab 12 Uhr\",\"publisher\":{\"@id\":\"https:\/\/zum-schwarzen-schaf.at\/#organization\"},\"potentialAction\":[{\"@type\":\"SearchAction\",\"target\":{\"@type\":\"EntryPoint\",\"urlTemplate\":\"https:\/\/zum-schwarzen-schaf.at\/?s={search_term_string}\"},\"query-input\":{\"@type\":\"PropertyValueSpecification\",\"valueRequired\":true,\"valueName\":\"search_term_string\"}}],\"inLanguage\":\"de\"},{\"@type\":\"Organization\",\"@id\":\"https:\/\/zum-schwarzen-schaf.at\/#organization\",\"name\":\"Zum schwarzen Schaf\",\"url\":\"https:\/\/zum-schwarzen-schaf.at\/\",\"logo\":{\"@type\":\"ImageObject\",\"inLanguage\":\"de\",\"@id\":\"https:\/\/zum-schwarzen-schaf.at\/#\/schema\/logo\/image\/\",\"url\":\"https:\/\/zum-schwarzen-schaf.at\/wp-content\/uploads\/2025\/11\/ZumschwarzenSchaf.png\",\"contentUrl\":\"https:\/\/zum-schwarzen-schaf.at\/wp-content\/uploads\/2025\/11\/ZumschwarzenSchaf.png\",\"width\":1510,\"height\":972,\"caption\":\"Zum schwarzen Schaf\"},\"image\":{\"@id\":\"https:\/\/zum-schwarzen-schaf.at\/#\/schema\/logo\/image\/\"}}]}<\/script>\n<!-- \/ Yoast SEO plugin. -->","yoast_head_json":{"title":"Startseite - Zum schwarzen Schaf","robots":{"index":"index","follow":"follow","max-snippet":"max-snippet:-1","max-image-preview":"max-image-preview:large","max-video-preview":"max-video-preview:-1"},"canonical":"https:\/\/zum-schwarzen-schaf.at\/","og_locale":"de_DE","og_type":"article","og_title":"Startseite - Zum schwarzen Schaf","og_description":"Herzlich willkommen! \u00dcber uns Herzlich willkommen im Zum schwarzen Schaf. Wir sind ein echter Familienbetrieb, in dem Gastronomie nicht nur ein Beruf, sondern Teil unserer Geschichte ist. Unsere Eltern arbeiten seit vielen Jahren in der Gastro \u2013 mit viel Herz, Erfahrung und echter Leidenschaft. Diese Begeisterung pr\u00e4gt auch unseren Alltag: Wir unterst\u00fctzen uns gegenseitig, halten [&hellip;]","og_url":"https:\/\/zum-schwarzen-schaf.at\/","og_site_name":"Zum schwarzen Schaf","article_modified_time":"2025-11-19T15:05:13+00:00","og_image":[{"url":"https:\/\/zum-schwarzen-schaf.at\/wp-content\/uploads\/2025\/11\/WhatsApp-Image-2025-09-10-at-16.47.57.jpeg","type":"","width":"","height":""}],"twitter_card":"summary_large_image","twitter_misc":{"Gesch\u00e4tzte Lesezeit":"2\u00a0Minuten"},"schema":{"@context":"https:\/\/schema.org","@graph":[{"@type":"WebPage","@id":"https:\/\/zum-schwarzen-schaf.at\/","url":"https:\/\/zum-schwarzen-schaf.at\/","name":"Startseite - Zum schwarzen Schaf","isPartOf":{"@id":"https:\/\/zum-schwarzen-schaf.at\/#website"},"primaryImageOfPage":{"@id":"https:\/\/zum-schwarzen-schaf.at\/#primaryimage"},"image":{"@id":"https:\/\/zum-schwarzen-schaf.at\/#primaryimage"},"thumbnailUrl":"https:\/\/zum-schwarzen-schaf.at\/wp-content\/uploads\/2025\/11\/WhatsApp-Image-2025-09-10-at-16.47.57.jpeg","datePublished":"2025-11-18T18:09:32+00:00","dateModified":"2025-11-19T15:05:13+00:00","breadcrumb":{"@id":"https:\/\/zum-schwarzen-schaf.at\/#breadcrumb"},"inLanguage":"de","potentialAction":[{"@type":"ReadAction","target":["https:\/\/zum-schwarzen-schaf.at\/"]}]},{"@type":"ImageObject","inLanguage":"de","@id":"https:\/\/zum-schwarzen-schaf.at\/#primaryimage","url":"https:\/\/zum-schwarzen-schaf.at\/wp-content\/uploads\/2025\/11\/WhatsApp-Image-2025-09-10-at-16.47.57.jpeg","contentUrl":"https:\/\/zum-schwarzen-schaf.at\/wp-content\/uploads\/2025\/11\/WhatsApp-Image-2025-09-10-at-16.47.57.jpeg","width":1600,"height":1200},{"@type":"BreadcrumbList","@id":"https:\/\/zum-schwarzen-schaf.at\/#breadcrumb","itemListElement":[{"@type":"ListItem","position":1,"name":"Startseite","item":"https:\/\/zum-schwarzen-schaf.at\/"},{"@type":"ListItem","position":2,"name":"Startseite"}]},{"@type":"WebSite","@id":"https:\/\/zum-schwarzen-schaf.at\/#website","url":"https:\/\/zum-schwarzen-schaf.at\/","name":"Zum schwarzen Schaf","description":"\u00d6ffnungszeiten: Donnerstag - Sonntag ab 12 Uhr","publisher":{"@id":"https:\/\/zum-schwarzen-schaf.at\/#organization"},"potentialAction":[{"@type":"SearchAction","target":{"@type":"EntryPoint","urlTemplate":"https:\/\/zum-schwarzen-schaf.at\/?s={search_term_string}"},"query-input":{"@type":"PropertyValueSpecification","valueRequired":true,"valueName":"search_term_string"}}],"inLanguage":"de"},{"@type":"Organization","@id":"https:\/\/zum-schwarzen-schaf.at\/#organization","name":"Zum schwarzen Schaf","url":"https:\/\/zum-schwarzen-schaf.at\/","logo":{"@type":"ImageObject","inLanguage":"de","@id":"https:\/\/zum-schwarzen-schaf.at\/#\/schema\/logo\/image\/","url":"https:\/\/zum-schwarzen-schaf.at\/wp-content\/uploads\/2025\/11\/ZumschwarzenSchaf.png","contentUrl":"https:\/\/zum-schwarzen-schaf.at\/wp-content\/uploads\/2025\/11\/ZumschwarzenSchaf.png","width":1510,"height":972,"caption":"Zum schwarzen Schaf"},"image":{"@id":"https:\/\/zum-schwarzen-schaf.at\/#\/schema\/logo\/image\/"}}]}},"_links":{"self":[{"href":"https:\/\/zum-schwarzen-schaf.at\/index.php?rest_route=\/wp\/v2\/pages\/16","targetHints":{"allow":["GET"]}}],"collection":[{"href":"https:\/\/zum-schwarzen-schaf.at\/index.php?rest_route=\/wp\/v2\/pages"}],"about":[{"href":"https:\/\/zum-schwarzen-schaf.at\/index.php?rest_route=\/wp\/v2\/types\/page"}],"author":[{"embeddable":true,"href":"https:\/\/zum-schwarzen-schaf.at\/index.php?rest_route=\/wp\/v2\/users\/1"}],"replies":[{"embeddable":true,"href":"https:\/\/zum-schwarzen-schaf.at\/index.php?rest_route=%2Fwp%2Fv2%2Fcomments&post=16"}],"version-history":[{"count":68,"href":"https:\/\/zum-schwarzen-schaf.at\/index.php?rest_route=\/wp\/v2\/pages\/16\/revisions"}],"predecessor-version":[{"id":262,"href":"https:\/\/zum-schwarzen-schaf.at\/index.php?rest_route=\/wp\/v2\/pages\/16\/revisions\/262"}],"wp:attachment":[{"href":"https:\/\/zum-schwarzen-schaf.at\/index.php?rest_route=%2Fwp%2Fv2%2Fmedia&parent=16"}],"curies":[{"name":"wp","href":"https:\/\/api.w.org\/{rel}","templated":true}]}}