{"id":11,"date":"2025-11-18T15:37:24","date_gmt":"2025-11-18T15:37:24","guid":{"rendered":"https:\/\/zum-schwarzen-schaf.at\/?page_id=11"},"modified":"2025-11-19T14:41:47","modified_gmt":"2025-11-19T14:41:47","slug":"impressum","status":"publish","type":"page","link":"https:\/\/zum-schwarzen-schaf.at\/?page_id=11","title":{"rendered":"Impressum"},"content":{"rendered":"\t\t<div data-elementor-type=\"wp-page\" data-elementor-id=\"11\" class=\"elementor elementor-11\">\n\t\t\t\t<div class=\"elementor-element elementor-element-8212467 e-flex e-con-boxed e-con e-parent\" data-id=\"8212467\" data-element_type=\"container\">\n\t\t\t\t\t<div class=\"e-con-inner\">\n\t\t\t\t<div class=\"elementor-element elementor-element-dbc4e31 elementor-widget elementor-widget-spacer\" data-id=\"dbc4e31\" data-element_type=\"widget\" data-widget_type=\"spacer.default\">\n\t\t\t\t\t\t\t<div class=\"elementor-spacer\">\n\t\t\t<div class=\"elementor-spacer-inner\"><\/div>\n\t\t<\/div>\n\t\t\t\t\t\t<\/div>\n\t\t\t\t<div class=\"elementor-element elementor-element-6477b10 elementor-widget elementor-widget-heading\" data-id=\"6477b10\" data-element_type=\"widget\" data-widget_type=\"heading.default\">\n\t\t\t\t\t<h2 class=\"elementor-heading-title elementor-size-default\">Impressum<\/h2>\t\t\t\t<\/div>\n\t\t\t\t\t<\/div>\n\t\t\t\t<\/div>\n\t\t<div class=\"elementor-element elementor-element-af267e0 e-flex e-con-boxed e-con e-parent\" data-id=\"af267e0\" data-element_type=\"container\">\n\t\t\t\t\t<div class=\"e-con-inner\">\n\t\t\t\t<div class=\"elementor-element elementor-element-50a1baf elementor-widget elementor-widget-text-editor\" data-id=\"50a1baf\" data-element_type=\"widget\" data-widget_type=\"text-editor.default\">\n\t\t\t\t\t\t\t\t\t<h5 data-start=\"234\" data-end=\"286\"><strong data-start=\"237\" data-end=\"286\">Angaben gem\u00e4\u00df \u00a7 5 ECG, \u00a7 14 UGB und \u00a7 63 GewO<\/strong><\/h5><p data-start=\"288\" data-end=\"407\"><strong data-start=\"288\" data-end=\"311\">Zum Schwarzen Schaf<\/strong><br data-start=\"311\" data-end=\"314\" \/>Andreas und Nicole Mayrh\u00f6fler<br data-start=\"367\" data-end=\"370\" \/>Eichbergstra\u00dfe 2a<br data-start=\"379\" data-end=\"382\" \/>2372 Gie\u00dfh\u00fcbl<br data-start=\"392\" data-end=\"395\" \/>\u00d6sterreich<\/p><p data-start=\"409\" data-end=\"481\">Telefon: 0676 4600727<br data-start=\"433\" data-end=\"436\" \/>Website: <a class=\"decorated-link\" href=\"https:\/\/www.zum-schwarzen-schaf.at\/\" target=\"_new\" rel=\"noopener\" data-start=\"445\" data-end=\"479\">https:\/\/www.zum-schwarzen-schaf.at<\/a><\/p><p data-start=\"483\" data-end=\"592\"><em data-start=\"483\" data-end=\"590\">Firmenbuchnummer: FN655987 <\/em><\/p><p data-start=\"483\" data-end=\"592\"><em data-start=\"483\" data-end=\"590\">Firmenbuchgericht: Wiener Neustadt <\/em><\/p><p data-start=\"483\" data-end=\"592\"><em data-start=\"483\" data-end=\"590\">UID-Nummer: ATU82247668\u00a0<\/em><\/p><p data-start=\"483\" data-end=\"592\"><em data-start=\"483\" data-end=\"590\">Wirtschaftskammer-Mitgliedschaft: Nieder\u00f6sterreich\u00a0<\/em><\/p><hr data-start=\"594\" data-end=\"597\" \/><h5 data-start=\"599\" data-end=\"616\"><strong data-start=\"602\" data-end=\"616\">Rechtsform<\/strong><\/h5><p data-start=\"617\" data-end=\"671\">OG<\/p><hr data-start=\"673\" data-end=\"676\" \/><h5 data-start=\"678\" data-end=\"707\"><strong data-start=\"681\" data-end=\"707\">Unternehmensgegenstand<\/strong><\/h5><p data-start=\"708\" data-end=\"764\">Gastronomie<\/p><hr data-start=\"766\" data-end=\"769\" \/><h5 data-start=\"771\" data-end=\"794\"><strong data-start=\"774\" data-end=\"794\">Aufsichtsbeh\u00f6rde<\/strong><\/h5><p data-start=\"795\" data-end=\"823\">Bezirkshauptmannschaft M\u00f6dling<\/p><hr data-start=\"825\" data-end=\"828\" \/><h5 data-start=\"830\" data-end=\"866\"><strong data-start=\"833\" data-end=\"866\">Berufsrechtliche Vorschriften<\/strong><\/h5><p data-start=\"867\" data-end=\"924\">Gewerbeordnung (GewO) \u2013 abrufbar unter: <a class=\"decorated-link cursor-pointer\" target=\"_new\" rel=\"noopener\" data-start=\"907\" data-end=\"924\">www.ris.bka.gv.at<\/a><\/p><hr data-start=\"926\" data-end=\"929\" \/><h5 data-start=\"931\" data-end=\"969\"><strong data-start=\"934\" data-end=\"969\">Haftungsausschluss (Disclaimer)<\/strong><\/h5><h6 data-start=\"971\" data-end=\"997\"><strong data-start=\"975\" data-end=\"997\">Inhalt der Website<\/strong><\/h6><p data-start=\"998\" data-end=\"1131\">Wir \u00fcbernehmen keine Gew\u00e4hr f\u00fcr die Aktualit\u00e4t, Richtigkeit und Vollst\u00e4ndigkeit der bereitgestellten Inhalte. \u00c4nderungen vorbehalten.<\/p><h6 data-start=\"1133\" data-end=\"1165\"><strong data-start=\"1137\" data-end=\"1165\">Links zu externen Seiten<\/strong><\/h6><p data-start=\"1166\" data-end=\"1296\">Unsere Website enth\u00e4lt Links zu externen Websites. Wir haben keinen Einfluss auf deren Inhalte und \u00fcbernehmen daf\u00fcr keine Haftung.<\/p><h6 data-start=\"1298\" data-end=\"1318\"><strong data-start=\"1302\" data-end=\"1318\">Urheberrecht<\/strong><\/h6><p data-start=\"1319\" data-end=\"1469\">Alle Inhalte dieser Website (Texte, Bilder, Grafiken) sind urheberrechtlich gesch\u00fctzt. Eine Nutzung ohne ausdr\u00fcckliche Zustimmung ist nicht gestattet.<\/p><hr data-start=\"1471\" data-end=\"1474\" \/><h5 data-start=\"1476\" data-end=\"1505\"><strong data-start=\"1479\" data-end=\"1505\">Online-Streitbeilegung<\/strong><\/h5><p data-start=\"1506\" data-end=\"1649\">Verbraucher haben die M\u00f6glichkeit, Beschwerden an die Online-Streitbeilegungsplattform der EU zu richten:<br data-start=\"1611\" data-end=\"1614\" \/><a class=\"decorated-link cursor-pointer\" target=\"_new\" rel=\"noopener\" data-start=\"1614\" data-end=\"1649\">https:\/\/ec.europa.eu\/consumers\/odr\/<\/a><\/p><hr data-start=\"1651\" data-end=\"1654\" \/><h5 data-start=\"1656\" data-end=\"1695\"><strong data-start=\"1659\" data-end=\"1695\">Haftung f\u00fcr technische St\u00f6rungen<\/strong><\/h5><p data-start=\"1696\" data-end=\"1819\">Wir \u00fcbernehmen keine Haftung f\u00fcr technische St\u00f6rungen, die durch das Hosting oder die Internetverbindung entstehen k\u00f6nnten.<\/p><hr data-start=\"1821\" data-end=\"1824\" \/>\t\t\t\t\t\t\t\t<\/div>\n\t\t\t\t\t<\/div>\n\t\t\t\t<\/div>\n\t\t\t\t<\/div>\n\t\t","protected":false},"excerpt":{"rendered":"<p>Impressum Angaben gem\u00e4\u00df \u00a7 5 ECG, \u00a7 14 UGB und \u00a7 63 GewO Zum Schwarzen SchafAndreas und Nicole Mayrh\u00f6flerEichbergstra\u00dfe 2a2372 Gie\u00dfh\u00fcbl\u00d6sterreich Telefon: 0676 4600727Website: https:\/\/www.zum-schwarzen-schaf.at Firmenbuchnummer: FN655987 Firmenbuchgericht: Wiener Neustadt UID-Nummer: ATU82247668\u00a0 Wirtschaftskammer-Mitgliedschaft: Nieder\u00f6sterreich\u00a0 Rechtsform OG Unternehmensgegenstand Gastronomie Aufsichtsbeh\u00f6rde Bezirkshauptmannschaft M\u00f6dling Berufsrechtliche Vorschriften Gewerbeordnung (GewO) \u2013 abrufbar unter: www.ris.bka.gv.at Haftungsausschluss (Disclaimer) Inhalt der Website Wir [&hellip;]<\/p>\n","protected":false},"author":1,"featured_media":0,"parent":0,"menu_order":0,"comment_status":"closed","ping_status":"closed","template":"elementor_header_footer","meta":{"footnotes":""},"class_list":["post-11","page","type-page","status-publish","hentry"],"yoast_head":"<!-- This site is optimized with the Yoast SEO plugin v26.4 - https:\/\/yoast.com\/wordpress\/plugins\/seo\/ -->\n<title>Impressum - Zum schwarzen Schaf<\/title>\n<meta name=\"robots\" content=\"index, follow, max-snippet:-1, max-image-preview:large, max-video-preview:-1\" \/>\n<link rel=\"canonical\" href=\"https:\/\/zum-schwarzen-schaf.at\/?page_id=11\" \/>\n<meta property=\"og:locale\" content=\"de_DE\" \/>\n<meta property=\"og:type\" content=\"article\" \/>\n<meta property=\"og:title\" content=\"Impressum - Zum schwarzen Schaf\" \/>\n<meta property=\"og:description\" content=\"Impressum Angaben gem\u00e4\u00df \u00a7 5 ECG, \u00a7 14 UGB und \u00a7 63 GewO Zum Schwarzen SchafAndreas und Nicole Mayrh\u00f6flerEichbergstra\u00dfe 2a2372 Gie\u00dfh\u00fcbl\u00d6sterreich Telefon: 0676 4600727Website: https:\/\/www.zum-schwarzen-schaf.at Firmenbuchnummer: FN655987 Firmenbuchgericht: Wiener Neustadt UID-Nummer: ATU82247668\u00a0 Wirtschaftskammer-Mitgliedschaft: Nieder\u00f6sterreich\u00a0 Rechtsform OG Unternehmensgegenstand Gastronomie Aufsichtsbeh\u00f6rde Bezirkshauptmannschaft M\u00f6dling Berufsrechtliche Vorschriften Gewerbeordnung (GewO) \u2013 abrufbar unter: www.ris.bka.gv.at Haftungsausschluss (Disclaimer) Inhalt der Website Wir [&hellip;]\" \/>\n<meta property=\"og:url\" content=\"https:\/\/zum-schwarzen-schaf.at\/?page_id=11\" \/>\n<meta property=\"og:site_name\" content=\"Zum schwarzen Schaf\" \/>\n<meta property=\"article:modified_time\" content=\"2025-11-19T14:41:47+00:00\" \/>\n<meta name=\"twitter:card\" content=\"summary_large_image\" \/>\n<script type=\"application\/ld+json\" class=\"yoast-schema-graph\">{\"@context\":\"https:\/\/schema.org\",\"@graph\":[{\"@type\":\"WebPage\",\"@id\":\"https:\/\/zum-schwarzen-schaf.at\/?page_id=11\",\"url\":\"https:\/\/zum-schwarzen-schaf.at\/?page_id=11\",\"name\":\"Impressum - Zum schwarzen Schaf\",\"isPartOf\":{\"@id\":\"https:\/\/zum-schwarzen-schaf.at\/#website\"},\"datePublished\":\"2025-11-18T15:37:24+00:00\",\"dateModified\":\"2025-11-19T14:41:47+00:00\",\"breadcrumb\":{\"@id\":\"https:\/\/zum-schwarzen-schaf.at\/?page_id=11#breadcrumb\"},\"inLanguage\":\"de\",\"potentialAction\":[{\"@type\":\"ReadAction\",\"target\":[\"https:\/\/zum-schwarzen-schaf.at\/?page_id=11\"]}]},{\"@type\":\"BreadcrumbList\",\"@id\":\"https:\/\/zum-schwarzen-schaf.at\/?page_id=11#breadcrumb\",\"itemListElement\":[{\"@type\":\"ListItem\",\"position\":1,\"name\":\"Startseite\",\"item\":\"https:\/\/zum-schwarzen-schaf.at\/\"},{\"@type\":\"ListItem\",\"position\":2,\"name\":\"Impressum\"}]},{\"@type\":\"WebSite\",\"@id\":\"https:\/\/zum-schwarzen-schaf.at\/#website\",\"url\":\"https:\/\/zum-schwarzen-schaf.at\/\",\"name\":\"Zum schwarzen Schaf\",\"description\":\"\u00d6ffnungszeiten: Donnerstag - Sonntag ab 12 Uhr\",\"publisher\":{\"@id\":\"https:\/\/zum-schwarzen-schaf.at\/#organization\"},\"potentialAction\":[{\"@type\":\"SearchAction\",\"target\":{\"@type\":\"EntryPoint\",\"urlTemplate\":\"https:\/\/zum-schwarzen-schaf.at\/?s={search_term_string}\"},\"query-input\":{\"@type\":\"PropertyValueSpecification\",\"valueRequired\":true,\"valueName\":\"search_term_string\"}}],\"inLanguage\":\"de\"},{\"@type\":\"Organization\",\"@id\":\"https:\/\/zum-schwarzen-schaf.at\/#organization\",\"name\":\"Zum schwarzen Schaf\",\"url\":\"https:\/\/zum-schwarzen-schaf.at\/\",\"logo\":{\"@type\":\"ImageObject\",\"inLanguage\":\"de\",\"@id\":\"https:\/\/zum-schwarzen-schaf.at\/#\/schema\/logo\/image\/\",\"url\":\"https:\/\/zum-schwarzen-schaf.at\/wp-content\/uploads\/2025\/11\/ZumschwarzenSchaf.png\",\"contentUrl\":\"https:\/\/zum-schwarzen-schaf.at\/wp-content\/uploads\/2025\/11\/ZumschwarzenSchaf.png\",\"width\":1510,\"height\":972,\"caption\":\"Zum schwarzen Schaf\"},\"image\":{\"@id\":\"https:\/\/zum-schwarzen-schaf.at\/#\/schema\/logo\/image\/\"}}]}<\/script>\n<!-- \/ Yoast SEO plugin. -->","yoast_head_json":{"title":"Impressum - Zum schwarzen Schaf","robots":{"index":"index","follow":"follow","max-snippet":"max-snippet:-1","max-image-preview":"max-image-preview:large","max-video-preview":"max-video-preview:-1"},"canonical":"https:\/\/zum-schwarzen-schaf.at\/?page_id=11","og_locale":"de_DE","og_type":"article","og_title":"Impressum - Zum schwarzen Schaf","og_description":"Impressum Angaben gem\u00e4\u00df \u00a7 5 ECG, \u00a7 14 UGB und \u00a7 63 GewO Zum Schwarzen SchafAndreas und Nicole Mayrh\u00f6flerEichbergstra\u00dfe 2a2372 Gie\u00dfh\u00fcbl\u00d6sterreich Telefon: 0676 4600727Website: https:\/\/www.zum-schwarzen-schaf.at Firmenbuchnummer: FN655987 Firmenbuchgericht: Wiener Neustadt UID-Nummer: ATU82247668\u00a0 Wirtschaftskammer-Mitgliedschaft: Nieder\u00f6sterreich\u00a0 Rechtsform OG Unternehmensgegenstand Gastronomie Aufsichtsbeh\u00f6rde Bezirkshauptmannschaft M\u00f6dling Berufsrechtliche Vorschriften Gewerbeordnung (GewO) \u2013 abrufbar unter: www.ris.bka.gv.at Haftungsausschluss (Disclaimer) Inhalt der Website Wir [&hellip;]","og_url":"https:\/\/zum-schwarzen-schaf.at\/?page_id=11","og_site_name":"Zum schwarzen Schaf","article_modified_time":"2025-11-19T14:41:47+00:00","twitter_card":"summary_large_image","schema":{"@context":"https:\/\/schema.org","@graph":[{"@type":"WebPage","@id":"https:\/\/zum-schwarzen-schaf.at\/?page_id=11","url":"https:\/\/zum-schwarzen-schaf.at\/?page_id=11","name":"Impressum - Zum schwarzen Schaf","isPartOf":{"@id":"https:\/\/zum-schwarzen-schaf.at\/#website"},"datePublished":"2025-11-18T15:37:24+00:00","dateModified":"2025-11-19T14:41:47+00:00","breadcrumb":{"@id":"https:\/\/zum-schwarzen-schaf.at\/?page_id=11#breadcrumb"},"inLanguage":"de","potentialAction":[{"@type":"ReadAction","target":["https:\/\/zum-schwarzen-schaf.at\/?page_id=11"]}]},{"@type":"BreadcrumbList","@id":"https:\/\/zum-schwarzen-schaf.at\/?page_id=11#breadcrumb","itemListElement":[{"@type":"ListItem","position":1,"name":"Startseite","item":"https:\/\/zum-schwarzen-schaf.at\/"},{"@type":"ListItem","position":2,"name":"Impressum"}]},{"@type":"WebSite","@id":"https:\/\/zum-schwarzen-schaf.at\/#website","url":"https:\/\/zum-schwarzen-schaf.at\/","name":"Zum schwarzen Schaf","description":"\u00d6ffnungszeiten: Donnerstag - Sonntag ab 12 Uhr","publisher":{"@id":"https:\/\/zum-schwarzen-schaf.at\/#organization"},"potentialAction":[{"@type":"SearchAction","target":{"@type":"EntryPoint","urlTemplate":"https:\/\/zum-schwarzen-schaf.at\/?s={search_term_string}"},"query-input":{"@type":"PropertyValueSpecification","valueRequired":true,"valueName":"search_term_string"}}],"inLanguage":"de"},{"@type":"Organization","@id":"https:\/\/zum-schwarzen-schaf.at\/#organization","name":"Zum schwarzen Schaf","url":"https:\/\/zum-schwarzen-schaf.at\/","logo":{"@type":"ImageObject","inLanguage":"de","@id":"https:\/\/zum-schwarzen-schaf.at\/#\/schema\/logo\/image\/","url":"https:\/\/zum-schwarzen-schaf.at\/wp-content\/uploads\/2025\/11\/ZumschwarzenSchaf.png","contentUrl":"https:\/\/zum-schwarzen-schaf.at\/wp-content\/uploads\/2025\/11\/ZumschwarzenSchaf.png","width":1510,"height":972,"caption":"Zum schwarzen Schaf"},"image":{"@id":"https:\/\/zum-schwarzen-schaf.at\/#\/schema\/logo\/image\/"}}]}},"_links":{"self":[{"href":"https:\/\/zum-schwarzen-schaf.at\/index.php?rest_route=\/wp\/v2\/pages\/11","targetHints":{"allow":["GET"]}}],"collection":[{"href":"https:\/\/zum-schwarzen-schaf.at\/index.php?rest_route=\/wp\/v2\/pages"}],"about":[{"href":"https:\/\/zum-schwarzen-schaf.at\/index.php?rest_route=\/wp\/v2\/types\/page"}],"author":[{"embeddable":true,"href":"https:\/\/zum-schwarzen-schaf.at\/index.php?rest_route=\/wp\/v2\/users\/1"}],"replies":[{"embeddable":true,"href":"https:\/\/zum-schwarzen-schaf.at\/index.php?rest_route=%2Fwp%2Fv2%2Fcomments&post=11"}],"version-history":[{"count":18,"href":"https:\/\/zum-schwarzen-schaf.at\/index.php?rest_route=\/wp\/v2\/pages\/11\/revisions"}],"predecessor-version":[{"id":247,"href":"https:\/\/zum-schwarzen-schaf.at\/index.php?rest_route=\/wp\/v2\/pages\/11\/revisions\/247"}],"wp:attachment":[{"href":"https:\/\/zum-schwarzen-schaf.at\/index.php?rest_route=%2Fwp%2Fv2%2Fmedia&parent=11"}],"curies":[{"name":"wp","href":"https:\/\/api.w.org\/{rel}","templated":true}]}}